{"id":1792,"date":"2022-04-12T09:21:34","date_gmt":"2022-04-12T07:21:34","guid":{"rendered":"https:\/\/sonqo.es\/?page_id=1792"},"modified":"2023-11-29T12:49:56","modified_gmt":"2023-11-29T11:49:56","slug":"terminos-y-condiciones","status":"publish","type":"page","link":"https:\/\/sonqo.es\/en\/terminos-y-condiciones\/","title":{"rendered":"Terms and Conditions"},"content":{"rendered":"<div data-elementor-type=\"wp-page\" data-elementor-id=\"1792\" class=\"elementor elementor-1792\" data-elementor-post-type=\"page\">\n\t\t\t\t\t\t<section class=\"elementor-section elementor-top-section elementor-element elementor-element-4f77b90 elementor-hidden-mobile elementor-section-boxed elementor-section-height-default elementor-section-height-default\" data-id=\"4f77b90\" data-element_type=\"section\" data-e-type=\"section\">\n\t\t\t\t\t\t<div class=\"elementor-container elementor-column-gap-default\">\n\t\t\t\t\t<div class=\"elementor-column elementor-col-100 elementor-top-column elementor-element elementor-element-f07736b\" data-id=\"f07736b\" data-element_type=\"column\" data-e-type=\"column\">\n\t\t\t<div class=\"elementor-widget-wrap elementor-element-populated\">\n\t\t\t\t\t\t<div class=\"elementor-element elementor-element-e6e0894 elementor-widget elementor-widget-heading\" data-id=\"e6e0894\" data-element_type=\"widget\" data-e-type=\"widget\" data-widget_type=\"heading.default\">\n\t\t\t\t<div class=\"elementor-widget-container\">\n\t\t\t\t\t<h1 class=\"elementor-heading-title elementor-size-default\">T\u00c9RMINOS Y CONDICIONES<\/h1>\t\t\t\t<\/div>\n\t\t\t\t<\/div>\n\t\t\t\t\t<\/div>\n\t\t<\/div>\n\t\t\t\t\t<\/div>\n\t\t<\/section>\n\t\t\t\t<section class=\"elementor-section elementor-top-section elementor-element elementor-element-4e0c7d9 elementor-hidden-desktop elementor-hidden-tablet elementor-section-boxed elementor-section-height-default elementor-section-height-default\" data-id=\"4e0c7d9\" data-element_type=\"section\" data-e-type=\"section\">\n\t\t\t\t\t\t<div class=\"elementor-container elementor-column-gap-default\">\n\t\t\t\t\t<div class=\"elementor-column elementor-col-100 elementor-top-column elementor-element elementor-element-78d9652\" data-id=\"78d9652\" data-element_type=\"column\" data-e-type=\"column\">\n\t\t\t<div class=\"elementor-widget-wrap elementor-element-populated\">\n\t\t\t\t\t\t<div class=\"elementor-element elementor-element-99a5c17 elementor-widget elementor-widget-heading\" data-id=\"99a5c17\" data-element_type=\"widget\" data-e-type=\"widget\" data-widget_type=\"heading.default\">\n\t\t\t\t<div class=\"elementor-widget-container\">\n\t\t\t\t\t<h1 class=\"elementor-heading-title elementor-size-default\">T\u00c9RMINOS Y CONDICIONES<\/h1>\t\t\t\t<\/div>\n\t\t\t\t<\/div>\n\t\t\t\t\t<\/div>\n\t\t<\/div>\n\t\t\t\t\t<\/div>\n\t\t<\/section>\n\t\t\t\t<section class=\"elementor-section elementor-top-section elementor-element elementor-element-eaf4d65 elementor-section-boxed elementor-section-height-default elementor-section-height-default\" data-id=\"eaf4d65\" data-element_type=\"section\" data-e-type=\"section\">\n\t\t\t\t\t\t<div class=\"elementor-container elementor-column-gap-default\">\n\t\t\t\t\t<div class=\"elementor-column elementor-col-100 elementor-top-column elementor-element elementor-element-6e4a9e1\" data-id=\"6e4a9e1\" data-element_type=\"column\" data-e-type=\"column\">\n\t\t\t<div class=\"elementor-widget-wrap elementor-element-populated\">\n\t\t\t\t\t\t<div class=\"elementor-element elementor-element-44a1a7d elementor-widget elementor-widget-spacer\" data-id=\"44a1a7d\" data-element_type=\"widget\" data-e-type=\"widget\" data-widget_type=\"spacer.default\">\n\t\t\t\t<div class=\"elementor-widget-container\">\n\t\t\t\t\t\t\t<div class=\"elementor-spacer\">\n\t\t\t<div class=\"elementor-spacer-inner\"><\/div>\n\t\t<\/div>\n\t\t\t\t\t\t<\/div>\n\t\t\t\t<\/div>\n\t\t\t\t\t<\/div>\n\t\t<\/div>\n\t\t\t\t\t<\/div>\n\t\t<\/section>\n\t\t\t\t<section class=\"elementor-section elementor-top-section elementor-element elementor-element-680fb55 elementor-section-boxed elementor-section-height-default elementor-section-height-default\" data-id=\"680fb55\" data-element_type=\"section\" data-e-type=\"section\">\n\t\t\t\t\t\t<div class=\"elementor-container elementor-column-gap-default\">\n\t\t\t\t\t<div class=\"elementor-column elementor-col-100 elementor-top-column elementor-element elementor-element-8a96af4\" data-id=\"8a96af4\" data-element_type=\"column\" data-e-type=\"column\">\n\t\t\t<div class=\"elementor-widget-wrap elementor-element-populated\">\n\t\t\t\t\t\t<div class=\"elementor-element elementor-element-d62eb26 elementor-widget elementor-widget-heading\" data-id=\"d62eb26\" data-element_type=\"widget\" data-e-type=\"widget\" data-widget_type=\"heading.default\">\n\t\t\t\t<div class=\"elementor-widget-container\">\n\t\t\t\t\t<h3 class=\"elementor-heading-title elementor-size-default\">Condiciones generales de venta y env\u00edo<\/h3>\t\t\t\t<\/div>\n\t\t\t\t<\/div>\n\t\t\t\t\t<\/div>\n\t\t<\/div>\n\t\t\t\t\t<\/div>\n\t\t<\/section>\n\t\t\t\t<section class=\"elementor-section elementor-top-section elementor-element elementor-element-5eaef7b elementor-section-boxed elementor-section-height-default elementor-section-height-default\" data-id=\"5eaef7b\" data-element_type=\"section\" data-e-type=\"section\">\n\t\t\t\t\t\t<div class=\"elementor-container elementor-column-gap-default\">\n\t\t\t\t\t<div class=\"elementor-column elementor-col-100 elementor-top-column elementor-element elementor-element-ba85f46\" data-id=\"ba85f46\" data-element_type=\"column\" data-e-type=\"column\">\n\t\t\t<div class=\"elementor-widget-wrap elementor-element-populated\">\n\t\t\t\t\t\t<div class=\"elementor-element elementor-element-a79c96a elementor-widget elementor-widget-text-editor\" data-id=\"a79c96a\" data-element_type=\"widget\" data-e-type=\"widget\" data-widget_type=\"text-editor.default\">\n\t\t\t\t<div class=\"elementor-widget-container\">\n\t\t\t\t\t\t\t\t\t<p>Las condiciones generales de contrataci\u00f3n que se describen a continuaci\u00f3n, rigen las relaciones comerciales entre todo comprador a trav\u00e9s de la direcci\u00f3n URL https:\/\/www.sonqo.es\/ (en adelante, SONQO), titularidad de Sharon Palma, C\/ Duque de Montemar, c\u00f3digo postal 41003, Sevilla.<\/p><p>Al realizar cualquier pedido en nuestra p\u00e1gina web, usted confirma haber le\u00eddo y aceptado las presentes condiciones de venta.<\/p><p>Accediendo a \u201cSONQO\u201d, usted se compromete a respetar las Condiciones Generales as\u00ed como las Condiciones de Utilizaci\u00f3n que figuran en las mismas. La informaci\u00f3n que figura en los cat\u00e1logos y las listas de precios es s\u00f3lo a t\u00edtulo informativo y no compromete a ninguna compra o pago a menos que el cliente lo solicite expl\u00edcitamente mediante la realizaci\u00f3n de un pedido.<\/p>\t\t\t\t\t\t\t\t<\/div>\n\t\t\t\t<\/div>\n\t\t\t\t\t<\/div>\n\t\t<\/div>\n\t\t\t\t\t<\/div>\n\t\t<\/section>\n\t\t\t\t<section class=\"elementor-section elementor-top-section elementor-element elementor-element-27bbfe5 elementor-section-boxed elementor-section-height-default elementor-section-height-default\" data-id=\"27bbfe5\" data-element_type=\"section\" data-e-type=\"section\">\n\t\t\t\t\t\t<div class=\"elementor-container elementor-column-gap-default\">\n\t\t\t\t\t<div class=\"elementor-column elementor-col-100 elementor-top-column elementor-element elementor-element-0c0ebf0\" data-id=\"0c0ebf0\" data-element_type=\"column\" data-e-type=\"column\">\n\t\t\t<div class=\"elementor-widget-wrap elementor-element-populated\">\n\t\t\t\t\t\t<div class=\"elementor-element elementor-element-84cac95 elementor-widget elementor-widget-heading\" data-id=\"84cac95\" data-element_type=\"widget\" data-e-type=\"widget\" data-widget_type=\"heading.default\">\n\t\t\t\t<div class=\"elementor-widget-container\">\n\t\t\t\t\t<h3 class=\"elementor-heading-title elementor-size-default\">C\u00f3mo realizar un pedido <\/h3>\t\t\t\t<\/div>\n\t\t\t\t<\/div>\n\t\t\t\t\t<\/div>\n\t\t<\/div>\n\t\t\t\t\t<\/div>\n\t\t<\/section>\n\t\t\t\t<section class=\"elementor-section elementor-top-section elementor-element elementor-element-2bb7cdd elementor-section-boxed elementor-section-height-default elementor-section-height-default\" data-id=\"2bb7cdd\" data-element_type=\"section\" data-e-type=\"section\">\n\t\t\t\t\t\t<div class=\"elementor-container elementor-column-gap-default\">\n\t\t\t\t\t<div class=\"elementor-column elementor-col-100 elementor-top-column elementor-element elementor-element-332d64b\" data-id=\"332d64b\" data-element_type=\"column\" data-e-type=\"column\">\n\t\t\t<div class=\"elementor-widget-wrap elementor-element-populated\">\n\t\t\t\t\t\t<div class=\"elementor-element elementor-element-4b8816a elementor-widget elementor-widget-text-editor\" data-id=\"4b8816a\" data-element_type=\"widget\" data-e-type=\"widget\" data-widget_type=\"text-editor.default\">\n\t\t\t\t<div class=\"elementor-widget-container\">\n\t\t\t\t\t\t\t\t\t<p>Ponemos a disposici\u00f3n del comprador distintas modalidades para realizar un pedido, ofreciendo as\u00ed al cliente la posibilidad de elegir seg\u00fan sus preferencias.\u00a0 En cualquier caso el cliente\/usuario se someter\u00e1 a nuestras Condiciones de Generales sin ning\u00fan tipo de reserva:<\/p><p>1.\u00a0\u00a0\u00a0\u00a0Por Internet en nuestra tienda virtual www.sonqo.es<\/p><p>2.\u00a0\u00a0\u00a0\u00a0Por correo electr\u00f3nico <a href=\"mailto:info@sonqo.es\">info@sonqo.es<\/a>, indicando el art\u00edculo y la forma de pago elegida, as\u00ed como los datos necesarios para la entrega del producto (nombre completo, direcci\u00f3n, CP, poblaci\u00f3n, provincia, tel\u00e9fono de contacto).<\/p><p>3.\u00a0\u00a0\u00a0\u00a0Por tel\u00e9fono en el +34 642 99 40 14 en el horario de Lunes a Viernes de 9:30h a 17:00.<\/p><p>Las reclamaciones se atender\u00e1n por escrito en el siguiente correo info@sonqo.es<\/p>\t\t\t\t\t\t\t\t<\/div>\n\t\t\t\t<\/div>\n\t\t\t\t\t<\/div>\n\t\t<\/div>\n\t\t\t\t\t<\/div>\n\t\t<\/section>\n\t\t\t\t<section class=\"elementor-section elementor-top-section elementor-element elementor-element-e67878f elementor-section-boxed elementor-section-height-default elementor-section-height-default\" data-id=\"e67878f\" data-element_type=\"section\" data-e-type=\"section\">\n\t\t\t\t\t\t<div class=\"elementor-container elementor-column-gap-default\">\n\t\t\t\t\t<div class=\"elementor-column elementor-col-100 elementor-top-column elementor-element elementor-element-d5bc5f4\" data-id=\"d5bc5f4\" data-element_type=\"column\" data-e-type=\"column\">\n\t\t\t<div class=\"elementor-widget-wrap elementor-element-populated\">\n\t\t\t\t\t\t<div class=\"elementor-element elementor-element-d9c987d elementor-widget elementor-widget-heading\" data-id=\"d9c987d\" data-element_type=\"widget\" data-e-type=\"widget\" data-widget_type=\"heading.default\">\n\t\t\t\t<div class=\"elementor-widget-container\">\n\t\t\t\t\t<h3 class=\"elementor-heading-title elementor-size-default\">Pol\u00edtica de Venta<\/h3>\t\t\t\t<\/div>\n\t\t\t\t<\/div>\n\t\t\t\t\t<\/div>\n\t\t<\/div>\n\t\t\t\t\t<\/div>\n\t\t<\/section>\n\t\t\t\t<section class=\"elementor-section elementor-top-section elementor-element elementor-element-2016137 elementor-section-boxed elementor-section-height-default elementor-section-height-default\" data-id=\"2016137\" data-element_type=\"section\" data-e-type=\"section\">\n\t\t\t\t\t\t<div class=\"elementor-container elementor-column-gap-default\">\n\t\t\t\t\t<div class=\"elementor-column elementor-col-100 elementor-top-column elementor-element elementor-element-7d9346e\" data-id=\"7d9346e\" data-element_type=\"column\" data-e-type=\"column\">\n\t\t\t<div class=\"elementor-widget-wrap elementor-element-populated\">\n\t\t\t\t\t\t<div class=\"elementor-element elementor-element-b2825eb elementor-widget elementor-widget-text-editor\" data-id=\"b2825eb\" data-element_type=\"widget\" data-e-type=\"widget\" data-widget_type=\"text-editor.default\">\n\t\t\t\t<div class=\"elementor-widget-container\">\n\t\t\t\t\t\t\t\t\t<p>El pago de los servicios\/productos ofertados en esta web se producir\u00e1 mediante transferencia bancaria o Bizum. Todos los precios incluyen IVA.<br \/>Por norma general el pago se har\u00e1 por adelantado a no ser que por circunstancias especiales se llegue a un acuerdo diferente.<br \/>Las peticiones extras que no est\u00e9n incluidas en la descripci\u00f3n especifica, no podr\u00e1n ser incluidas sin un cargo extra por este concepto.<\/p><p><strong>PRODUCTOS:<\/strong>\u00a0 Nuestros productos son 100% artesanales por lo cual no hay dos iguales, cada pieza es \u00fanica, por lo tanto los plazos de env\u00edo pueden variar.<\/p><p><strong>PAGOS<\/strong>: Los pagos se realizar\u00e1n mediante transferencia bancaria o Bizum.<\/p><p><strong>ENV\u00cdOS<\/strong>:\u00a0 Los art\u00edculos son enviados a Espa\u00f1a. Cada pedido es enviado por correo certificado, como los productos son realizados por encargo, el plazo var\u00eda seg\u00fan el lugar de destino, plazo estimado de 3 a 6 d\u00edas. Debido a su especial r\u00e9gimen fiscal, son considerados territorios extracomunitarios los \u00e1mbitos geogr\u00e1ficos correspondientes a Canarias, Ceuta y Melilla. Por lo tanto, las compras realizadas por residentes de estos territorios est\u00e1n exentas del pago del IVA (los gastos del despacho de aduanas y los impuestos de importaci\u00f3n no est\u00e1n incluidos en el precio del art\u00edculo ni en el del env\u00edo, y deber\u00e1n ser pagados en destino por el receptor de la mercanc\u00eda).<\/p><p><strong>DEVOLUCIONES<\/strong>: Si tienes alg\u00fan problema con la compra ponte en contacto conmigo lo antes posible a trav\u00e9s del correo info@sonqo.es.<\/p><p>Las devoluciones deber\u00e1n notificarse en los 4 primeros d\u00edas una vez recibido el art\u00edculo. No me responsabilizo de los gastos de env\u00edo debidos a una devoluci\u00f3n.\u00a0<\/p><p>El importe de la compra ser\u00e1 devuelto mediante transferencia bancaria o Bizum una vez recibido el art\u00edculo en las mismas condiciones en las que se envi\u00f3. \u00a0 \u00a0 \u00a0 \u00a0 \u00a0 \u00a0 \u00a0 \u00a0 \u00a0 \u00a0 \u00a0 \u00a0 \u00a0 \u00a0 \u00a0 \u00a0 \u00a0 \u00a0 \u00a0 \u00a0 \u00a0 \u00a0 \u00a0 \u00a0 \u00a0 \u00a0 \u00a0 \u00a0 \u00a0 \u00a0 \u00a0 \u00a0 \u00a0 \u00a0 \u00a0 \u00a0<\/p>\t\t\t\t\t\t\t\t<\/div>\n\t\t\t\t<\/div>\n\t\t\t\t\t<\/div>\n\t\t<\/div>\n\t\t\t\t\t<\/div>\n\t\t<\/section>\n\t\t\t\t<\/div>","protected":false},"excerpt":{"rendered":"<p>T\u00c9RMINOS Y CONDICIONES T\u00c9RMINOS Y CONDICIONES Condiciones generales de venta y env\u00edo Las condiciones generales de contrataci\u00f3n que se describen a continuaci\u00f3n, rigen las relaciones comerciales entre todo comprador a trav\u00e9s de la direcci\u00f3n URL https:\/\/www.sonqo.es\/ (en adelante, SONQO), titularidad de Sharon Palma, C\/ Duque de Montemar, c\u00f3digo postal 41003, Sevilla. Al realizar cualquier pedido [&hellip;]<\/p>\n","protected":false},"author":1,"featured_media":0,"parent":0,"menu_order":0,"comment_status":"closed","ping_status":"closed","template":"","meta":{"site-sidebar-layout":"no-sidebar","site-content-layout":"page-builder","ast-site-content-layout":"default","site-content-style":"default","site-sidebar-style":"default","ast-global-header-display":"","ast-banner-title-visibility":"","ast-main-header-display":"","ast-hfb-above-header-display":"","ast-hfb-below-header-display":"","ast-hfb-mobile-header-display":"","site-post-title":"disabled","ast-breadcrumbs-content":"","ast-featured-img":"disabled","footer-sml-layout":"","ast-disable-related-posts":"","theme-transparent-header-meta":"","adv-header-id-meta":"","stick-header-meta":"","header-above-stick-meta":"","header-main-stick-meta":"","header-below-stick-meta":"","astra-migrate-meta-layouts":"default","ast-page-background-enabled":"default","ast-page-background-meta":{"desktop":{"background-color":"","background-image":"","background-repeat":"repeat","background-position":"center center","background-size":"auto","background-attachment":"scroll","background-type":"","background-media":"","overlay-type":"","overlay-color":"","overlay-opacity":"","overlay-gradient":""},"tablet":{"background-color":"","background-image":"","background-repeat":"repeat","background-position":"center center","background-size":"auto","background-attachment":"scroll","background-type":"","background-media":"","overlay-type":"","overlay-color":"","overlay-opacity":"","overlay-gradient":""},"mobile":{"background-color":"","background-image":"","background-repeat":"repeat","background-position":"center center","background-size":"auto","background-attachment":"scroll","background-type":"","background-media":"","overlay-type":"","overlay-color":"","overlay-opacity":"","overlay-gradient":""}},"ast-content-background-meta":{"desktop":{"background-color":"var(--ast-global-color-5)","background-image":"","background-repeat":"repeat","background-position":"center center","background-size":"auto","background-attachment":"scroll","background-type":"","background-media":"","overlay-type":"","overlay-color":"","overlay-opacity":"","overlay-gradient":""},"tablet":{"background-color":"var(--ast-global-color-5)","background-image":"","background-repeat":"repeat","background-position":"center center","background-size":"auto","background-attachment":"scroll","background-type":"","background-media":"","overlay-type":"","overlay-color":"","overlay-opacity":"","overlay-gradient":""},"mobile":{"background-color":"var(--ast-global-color-5)","background-image":"","background-repeat":"repeat","background-position":"center center","background-size":"auto","background-attachment":"scroll","background-type":"","background-media":"","overlay-type":"","overlay-color":"","overlay-opacity":"","overlay-gradient":""}},"footnotes":""},"class_list":["post-1792","page","type-page","status-publish","hentry"],"jetpack_sharing_enabled":true,"_links":{"self":[{"href":"https:\/\/sonqo.es\/en\/wp-json\/wp\/v2\/pages\/1792","targetHints":{"allow":["GET"]}}],"collection":[{"href":"https:\/\/sonqo.es\/en\/wp-json\/wp\/v2\/pages"}],"about":[{"href":"https:\/\/sonqo.es\/en\/wp-json\/wp\/v2\/types\/page"}],"author":[{"embeddable":true,"href":"https:\/\/sonqo.es\/en\/wp-json\/wp\/v2\/users\/1"}],"replies":[{"embeddable":true,"href":"https:\/\/sonqo.es\/en\/wp-json\/wp\/v2\/comments?post=1792"}],"version-history":[{"count":25,"href":"https:\/\/sonqo.es\/en\/wp-json\/wp\/v2\/pages\/1792\/revisions"}],"predecessor-version":[{"id":4612,"href":"https:\/\/sonqo.es\/en\/wp-json\/wp\/v2\/pages\/1792\/revisions\/4612"}],"wp:attachment":[{"href":"https:\/\/sonqo.es\/en\/wp-json\/wp\/v2\/media?parent=1792"}],"curies":[{"name":"wp","href":"https:\/\/api.w.org\/{rel}","templated":true}]}}